{"id":2192,"date":"2021-10-25T18:03:16","date_gmt":"2021-10-25T15:03:16","guid":{"rendered":"https:\/\/ekizoglumakina.com\/corporate\/musteri-aydinlatma-metni"},"modified":"2021-10-25T18:03:16","modified_gmt":"2021-10-25T15:03:16","slug":"musteri-aydinlatma-metni","status":"publish","type":"page","link":"https:\/\/ekizoglumakina.com\/en\/corporate\/musteri-aydinlatma-metni","title":{"rendered":"M\u00fc\u015fteri Ayd\u0131nlatma Metni"},"content":{"rendered":"<p><strong>EK\u0130ZO\u011eLU MAK\u0130NA SANAY\u0130 VE T\u0130CARET A.\u015e.<\/strong><\/p>\n<p><strong>M\u00dc\u015eTER\u0130 AYDINLATMA METN\u0130<\/strong><\/p>\n<p>&nbsp;<\/p>\n<p><strong>a) Veri Sorumlusu<\/strong><\/p>\n<p>EK\u0130ZO\u011eLU MAK\u0130NA SANAY\u0130 VE T\u0130CARET ANON\u0130M \u015e\u0130RKET\u0130 olarak ki\u015fisel verilerinizi, 6698 say\u0131l\u0131 Ki\u015fisel Verilerin Korunmas\u0131 Kanunu (\u201cKVKK\u201d) ve ilgili sair mevzuat kapsam\u0131nda, veri sorumlusu s\u0131fat\u0131yla i\u015fleriz.<\/p>\n<p><strong>b) Ki\u015fisel Verilerin Hangi Ama\u00e7la \u0130\u015flenece\u011fi ve Hukuki Sebepleri<\/strong><\/p>\n<p>Ki\u015fisel verileriniz,<\/p>\n<ul>\n<li>Faaliyetlerin Mevzuata Uygun Y\u00fcr\u00fct\u00fclmesi<\/li>\n<li>Lojistik Faaliyetlerinin Y\u00fcr\u00fct\u00fclmesi<\/li>\n<li>Mal \/ Hizmet Sat\u0131\u015f S\u00fcre\u00e7lerinin Y\u00fcr\u00fct\u00fclmesi<\/li>\n<li>Finans ve Muhasebe \u0130\u015flerinin Y\u00fcr\u00fct\u00fclmesi<\/li>\n<li>Yetkili Ki\u015fi, Kurum ve Kurulu\u015flara Bilgi Verilmesi<\/li>\n<\/ul>\n<p>ama\u00e7lar\u0131yla KVKK\u2019n\u0131n 5 (2) maddesinde belirtilen \u201ca) kanunlarda a\u00e7\u0131k\u00e7a \u00f6ng\u00f6r\u00fclmesi\u201d, \u201cc) Bir s\u00f6zle\u015fmenin kurulmas\u0131 veya ifas\u0131yla do\u011frudan do\u011fruya ilgili olmas\u0131 kayd\u0131yla, s\u00f6zle\u015fmenin taraflar\u0131na ait ki\u015fisel verilerin i\u015flenmesinin gerekli olmas\u0131\u201d, \u201c\u00e7) Veri sorumlusunun hukuki y\u00fck\u00fcml\u00fcl\u00fc\u011f\u00fcn\u00fc yerine getirebilmesi i\u00e7in zorunlu olmas\u0131\u201d, \u201ce) Bir hakk\u0131n tesisi, kullan\u0131lmas\u0131 veya korunmas\u0131 i\u00e7in veri i\u015flemenin zorunlu olmas\u0131\u201d hukuki sebepleri d\u00e2hilinde i\u015flenecektir.<\/p>\n<p><strong>c) Ki\u015fisel Verilerin Toplama Y\u00f6ntemi<\/strong><\/p>\n<p>Ki\u015fisel verileriniz, bu metnin (b) f\u0131kras\u0131nda belirtilen ama\u00e7lar\u0131n yerine getirilebilmesi i\u00e7in KVKK\u2019n\u0131n 5 (2) maddesinde d\u00fczenlenen hukuki sebeplere dayanarak, a\u015fa\u011f\u0131da belirtilen otomatik veya otomatik olmayan y\u00f6ntemlerle s\u00f6zl\u00fc, yaz\u0131l\u0131 veya elektronik ortamda elde edilmektedir:<\/p>\n<ul>\n<li>\u0130nternet sitesi \u00fczerinden form doldurulmas\u0131, e-posta iletisi g\u00f6nderilmesi, internet sitesinin ziyaret edilmesi ve sosyal medya platformlar\u0131 \u00fczerinden irtibata ge\u00e7ilmesi.<\/li>\n<li>M\u00fc\u015fteri ziyaretleri, seminer veya etkinlikler s\u0131ras\u0131nda kartvizit payla\u015f\u0131m\u0131 yap\u0131lmas\u0131.<\/li>\n<li>Ticari faaliyet amac\u0131yla sizlerle ileti\u015fime ge\u00e7memizi \u00f6neren m\u00fc\u015fteri ve\/veya potansiyel m\u00fc\u015fteri taraf\u0131ndan ki\u015fisel verilerinizin taraf\u0131m\u0131za iletilmesi.<\/li>\n<\/ul>\n<p><strong>d) \u0130\u015flenen Ki\u015fisel Verilerin Kimlere ve Hangi Ama\u00e7la Aktar\u0131labilece\u011fi<\/strong><\/p>\n<p>Ki\u015fisel verileriniz, a\u015fa\u011f\u0131da belirtilen ama\u00e7lar ile KVKK\u2019n\u0131n 8 (2) (a) maddeleri uyar\u0131nca ilgili ki\u015finin a\u00e7\u0131k r\u0131zas\u0131 aranmaks\u0131z\u0131n aktar\u0131lacakt\u0131r:<\/p>\n<ul>\n<li>\u0130lgili mevzuat uyar\u0131nca yasal y\u00fck\u00fcml\u00fcl\u00fcklerin yerine getirebilmesi amac\u0131yla, gerekmesi veya talep gelmesi halinde, ilgili kamu kurum ve kurulu\u015flar\u0131 ve anla\u015fmal\u0131 ba\u011f\u0131ms\u0131z denetim hizmeti al\u0131nan firma ile payla\u015f\u0131labilecektir.<\/li>\n<li>\u00dcr\u00fcn ve hizmetlere dair \u00fccretlerin tahsilat\u0131 kapsam\u0131nda finans ve\/veya muhasebe i\u015flerinin y\u00fcr\u00fct\u00fclmesi amac\u0131yla, gerekmesi halinde noter, icra daireleri, mahkemeler ve\/veya yetkili kurum ve kurulu\u015flar ile payla\u015f\u0131labilecektir.<\/li>\n<li>S\u00f6zle\u015fmesel y\u00fck\u00fcml\u00fcl\u00fcklerin yerine getirilmesi amac\u0131yla gerekmesi veya talep edilmesi halinde, ilgili kurum, kurulu\u015f ya da anla\u015fmal\u0131 firmalar ile payla\u015f\u0131lacakt\u0131r.<\/li>\n<li>Hukuki s\u00fcre\u00e7lerin takip edilebilmesi amac\u0131yla avukatlar\u0131m\u0131z ile s\u0131r saklama y\u00fck\u00fcml\u00fcl\u00fc\u011f\u00fc \u00e7er\u00e7evesinde gerekti\u011fi kadar payla\u015f\u0131labilecektir.<\/li>\n<\/ul>\n<p>\u0130\u015f faaliyetlerimizin y\u00fcr\u00fct\u00fclmesi kapsam\u0131nda bilgi ve ileti\u015fim teknolojileri uygulamalar\u0131 ve yaz\u0131l\u0131mlar\u0131 (\u201cBT Sistemleri\u201d) (Microsoft Office365 e-posta yaz\u0131l\u0131mlar\u0131 ile \u00e7evrimi\u00e7i toplant\u0131 ve uzaktan ba\u011flant\u0131 yaz\u0131l\u0131mlar\u0131) kullan\u0131lacakt\u0131r. Sunulan bu hizmetlerin alt yap\u0131s\u0131 ve veri tabanlar\u0131 yurt d\u0131\u015f\u0131nda bulunmaktad\u0131r. Ki\u015fisel verileriniz, ileti\u015fim faaliyetlerinin y\u00fcr\u00fct\u00fclebilmesi ama\u00e7lar\u0131yla kullan\u0131lan BT Sistemleri\u2019nin alt yap\u0131s\u0131 ve veri tabanlar\u0131n\u0131n yurt d\u0131\u015f\u0131nda bulunmas\u0131 nedeniyle \u201ca\u00e7\u0131k r\u0131zan\u0131z al\u0131narak\u201d yurt d\u0131\u015f\u0131na aktar\u0131lacakt\u0131r.<\/p>\n<p><strong>e) KVKK\u2019n\u0131n 11. Maddesi Kapsam\u0131ndaki Haklar\u0131n\u0131z<\/strong><\/p>\n<p>KVKK\u2019n\u0131n 11. maddesi kapsam\u0131nda, veri sahibi olarak haklar\u0131n\u0131z bulunmakta olup bu haklar\u0131n\u0131z ile ilgili taleplerinizi \u0130lgili Ki\u015fi Ba\u015fvuru Formu\u2019nda belirtilen b\u00fct\u00fcn bilgileri doldurmak suretiyle KVKK\u2019n\u0131n 11. maddesi ile 13. maddesinin 1. f\u0131kras\u0131 ve Veri Sorumlusuna Ba\u015fvuru Usul ve Esaslar\u0131 Hakk\u0131nda Tebli\u011f gere\u011fince,<\/p>\n<ul>\n<li>\u201cKocaba\u015f Mahallesi, Ankara Asfalt\u0131 \u00dczeri 30. Km. No:29 \/ DEN\u0130ZL\u0130\u201d adresindeki \u015eirketimize bizzat gelerek,<\/li>\n<li>Kimli\u011finizi tespit edebilmek ve yanl\u0131\u015f ki\u015filere bilgi vermemek ad\u0131na yaz\u0131l\u0131 olarak noter arac\u0131l\u0131\u011f\u0131 ile veya iadeli taahh\u00fctl\u00fc mektup ile,<\/li>\n<li>G\u00fcvenli elektronik imza, mobil imza ya da (varsa) taraf\u0131n\u0131zca daha \u015eirketimize bildirilen ve sistemlerimizde kay\u0131tl\u0131 bulunan elektronik posta adresini kullanmak suretiyle kvkk@ekizoglumakina.com adresine elektronik posta g\u00f6ndererek iletebilirsiniz.<\/li>\n<\/ul>\n<p><strong>f) Ki\u015fisel Verilerin Saklanma S\u00fcresi<\/strong><\/p>\n<p>\u015eirket, ki\u015fisel verilerin i\u015fleme amac\u0131n\u0131n ortadan kalkmas\u0131, Kanunlar ve ilgili sair mevzuat kapsam\u0131nda belirlenen zorunlu saklama s\u00fcrelerinin dolmas\u0131yla birlikte ki\u015fisel verileri siler, yok eder veya anonim hale getirir.<\/p>\n<p><strong>g) De\u011fi\u015fiklik ve G\u00fcncellemeler<\/strong><\/p>\n<p>\u0130\u015f bu ayd\u0131nlatma metni, 6698 say\u0131l\u0131 Ki\u015fisel Verilerin Korunmas\u0131 Kanunu ve ilgili sair mevzuat kapsam\u0131nda haz\u0131rlanm\u0131\u015ft\u0131r. \u0130lgili yasal mevzuat ve\/veya \u015eirket\u2019in ki\u015fisel veri i\u015fleme ama\u00e7 ve politikalar\u0131nda meydana gelecek de\u011fi\u015fiklikler do\u011frultusunda bahse konu ayd\u0131nlatma metninde gerekli de\u011fi\u015fiklikler yap\u0131labilir. Ayd\u0131nlatma Metninin en g\u00fcncel haline https:\/\/www.ekizoglumakina.com adresinden ula\u015f\u0131labilecektir.<\/p>\n<p><strong>6698 say\u0131l\u0131 Ki\u015fisel Verilerin Korunmas\u0131 Kanunu (\u201cKVKK\u201d) kapsam\u0131nda yukar\u0131da yap\u0131lan bilgilendirmeyi okudum ve anlad\u0131m.<\/strong><\/p>\n<p>&nbsp;<\/p>\n","protected":false},"excerpt":{"rendered":"<p>EK\u0130ZO\u011eLU MAK\u0130NA SANAY\u0130 VE T\u0130CARET A.\u015e. M\u00dc\u015eTER\u0130 AYDINLATMA METN\u0130 &nbsp; a) Veri Sorumlusu EK\u0130ZO\u011eLU MAK\u0130NA SANAY\u0130 VE T\u0130CARET ANON\u0130M \u015e\u0130RKET\u0130 olarak ki\u015fisel verilerinizi, 6698 say\u0131l\u0131 Ki\u015fisel Verilerin Korunmas\u0131 Kanunu (\u201cKVKK\u201d) ve ilgili sair mevzuat kapsam\u0131nda, veri sorumlusu s\u0131fat\u0131yla i\u015fleriz. b) Ki\u015fisel Verilerin Hangi Ama\u00e7la \u0130\u015flenece\u011fi ve Hukuki Sebepleri Ki\u015fisel verileriniz, Faaliyetlerin Mevzuata Uygun Y\u00fcr\u00fct\u00fclmesi Lojistik[Read More]\n","protected":false},"author":1,"featured_media":0,"parent":1464,"menu_order":0,"comment_status":"closed","ping_status":"closed","template":"page-blank-title-center.php","meta":{"inline_featured_image":false,"_joinchat":[],"footnotes":""},"class_list":["post-2192","page","type-page","status-publish","hentry"],"_links":{"self":[{"href":"https:\/\/ekizoglumakina.com\/en\/wp-json\/wp\/v2\/pages\/2192","targetHints":{"allow":["GET"]}}],"collection":[{"href":"https:\/\/ekizoglumakina.com\/en\/wp-json\/wp\/v2\/pages"}],"about":[{"href":"https:\/\/ekizoglumakina.com\/en\/wp-json\/wp\/v2\/types\/page"}],"author":[{"embeddable":true,"href":"https:\/\/ekizoglumakina.com\/en\/wp-json\/wp\/v2\/users\/1"}],"replies":[{"embeddable":true,"href":"https:\/\/ekizoglumakina.com\/en\/wp-json\/wp\/v2\/comments?post=2192"}],"version-history":[{"count":0,"href":"https:\/\/ekizoglumakina.com\/en\/wp-json\/wp\/v2\/pages\/2192\/revisions"}],"up":[{"embeddable":true,"href":"https:\/\/ekizoglumakina.com\/en\/wp-json\/wp\/v2\/pages\/1464"}],"wp:attachment":[{"href":"https:\/\/ekizoglumakina.com\/en\/wp-json\/wp\/v2\/media?parent=2192"}],"curies":[{"name":"wp","href":"https:\/\/api.w.org\/{rel}","templated":true}]}}