{"id":2187,"date":"2021-10-25T18:01:22","date_gmt":"2021-10-25T15:01:22","guid":{"rendered":"https:\/\/ekizoglumakina.com\/corporate\/internet-sitesi-aydinlatma-metni"},"modified":"2021-10-25T18:01:22","modified_gmt":"2021-10-25T15:01:22","slug":"internet-sitesi-aydinlatma-metni","status":"publish","type":"page","link":"https:\/\/ekizoglumakina.com\/en\/corporate\/internet-sitesi-aydinlatma-metni","title":{"rendered":"\u0130nternet Sitesi Ayd\u0131nlatma Metni"},"content":{"rendered":"<p><strong>EK\u0130ZO\u011eLU MAK\u0130NA SANAY\u0130 VE T\u0130CARET A.\u015e.<\/strong><\/p>\n<p><strong>6698 SAYILI K\u0130\u015e\u0130SEL VER\u0130LER\u0130N KORUNMASI KANUNU KAPSAMINDA AYDINLATMA METN\u0130<\/strong><\/p>\n<p>&nbsp;<\/p>\n<p><strong>EK\u0130ZO\u011eLU MAK\u0130NA SANAY\u0130 VE T\u0130CARET A.\u015e.<\/strong>\u00a0(Bundan sonra\u00a0<strong>\u201c\u015eirket\u201d<\/strong>\u00a0olarak an\u0131lacakt\u0131r.) olarak \u00f6zel hayat\u0131n gizlili\u011fine sayg\u0131 duyuyor ve \u00f6nem veriyoruz. Bu nedenle, sizleri 6698 say\u0131l\u0131 Ki\u015fisel Verilerin Korunmas\u0131 Kanunu (Bundan sonra\u00a0<strong>\u201cKVKK\u201d<\/strong>\u00a0olarak an\u0131lacakt\u0131r.) kapsam\u0131nda ki\u015fisel verilerinizin kullan\u0131m\u0131 ve korunmas\u0131 ile ilgili haklar\u0131n\u0131z konusunda bilgilendirmek istiyoruz.<\/p>\n<p><strong>a) Ki\u015fisel Verilerin Hangi Ama\u00e7la \u0130\u015flenece\u011fi<\/strong><br \/>\nKi\u015fisel verileriniz,<\/p>\n<ul>\n<li>\u015eirket taraf\u0131ndan sunulan \u00fcr\u00fcn ve hizmetlerden sizleri faydaland\u0131rmak i\u00e7in gerekli \u00e7al\u0131\u015fmalar\u0131n i\u015f birimlerimiz taraf\u0131ndan yap\u0131lmas\u0131 ve faaliyetlerimize y\u00f6nelik sizler ile ileti\u015fime ge\u00e7ilmesi,<\/li>\n<li>\u015eirket taraf\u0131ndan sunulan \u00fcr\u00fcn ve hizmetlerin sizlere tan\u0131t\u0131lmas\u0131 ve \u00f6nerilmesi,<\/li>\n<li>\u0130leti\u015fim faaliyetlerinin y\u00fcr\u00fct\u00fclmesi, ama\u00e7lar\u0131yla KVKK\u2019n\u0131n 5 (2) maddesinde belirtilen \u201c<em>f) \u0130lgili ki\u015fi ki\u015finin temel hak ve \u00f6zg\u00fcrl\u00fcklerine zarar vermemek kayd\u0131yla, veri sorumlusunun me\u015fru menfaatleri i\u00e7in veri i\u015flenmesinin zorunlu olmas\u0131<\/em>\u201d hukuki sebepleri dahilinde i\u015flenecektir.<\/li>\n<\/ul>\n<p>&nbsp;<\/p>\n<p><strong>b) \u0130\u015flenen Ki\u015fisel Verilerin Hangi Ama\u00e7la Kimlere Aktar\u0131labilece\u011fi<\/strong><\/p>\n<p>Ki\u015fisel verileriniz, a\u015fa\u011f\u0131da belirtilen ama\u00e7lar ile KVKK\u2019n\u0131n 8 (2) (a) maddeleri uyar\u0131nca ilgili ki\u015finin a\u00e7\u0131k r\u0131zas\u0131 aranmaks\u0131z\u0131n aktar\u0131lacakt\u0131r:<\/p>\n<ul>\n<li>\u0130lgili mevzuat uyar\u0131nca yasal y\u00fck\u00fcml\u00fcl\u00fcklerin yerine getirebilmesi amac\u0131yla, gerekmesi veya talep gelmesi halinde, ilgili kamu kurum ve kurulu\u015flar\u0131 ile payla\u015f\u0131lacakt\u0131r.<\/li>\n<li>Hukuki s\u00fcre\u00e7lerin takip edilebilmesi amac\u0131yla avukatlar\u0131m\u0131z ile s\u0131r saklama y\u00fck\u00fcml\u00fcl\u00fc\u011f\u00fc \u00e7er\u00e7evesinde gerekti\u011fi kadar payla\u015f\u0131labilecektir.<\/li>\n<\/ul>\n<p><strong>c) Ki\u015fisel Veri Toplaman\u0131n Y\u00f6ntemi ve Hukuki Sebebi<\/strong><\/p>\n<p>Ki\u015fisel verileriniz, bu metnin (c) f\u0131kras\u0131nda belirtilen ama\u00e7lar\u0131n yerine getirilebilmesi i\u00e7in KVKK\u2019n\u0131n 5 (2) belirtilen hukuki sebebe dayanarak, otomatik veya otomatik olmayan y\u00f6ntemlerle s\u00f6zl\u00fc, yaz\u0131l\u0131 veya elektronik ortamda elde edilmektedir: \u0130lgili ki\u015fi taraf\u0131ndan e-posta iletisi g\u00f6nderilmesi, internet sitesinin ziyaret edilmesi ve sosyal medya platformlar\u0131 \u00fczerinden irtibata ge\u00e7ilmesi ile ki\u015fisel veriler toplanmaktad\u0131r.<\/p>\n<p><strong>d) KVKK\u2019n\u0131n 11. Maddesi Kapsam\u0131ndaki Haklar\u0131n\u0131z<\/strong><\/p>\n<p>KVKK\u2019n\u0131n 11. maddesi uyar\u0131nca ki\u015fisel verilerinize ili\u015fkin ili\u015fkin taleplerinizi, tercihen web sitemizde yer alan \u0130lgili Ki\u015fi Ba\u015fvuru Formu\u2019nda belirtilen b\u00fct\u00fcn bilgileri doldurmak suretiyle,<\/p>\n<ul>\n<li>\u201cKocaba\u015f Mahallesi, Ankara Asfalt\u0131 \u00dczeri 30. Km. No:29 \/ DEN\u0130ZL\u0130\u201d adresindeki \u015eirketimize bizzat gelerek,<\/li>\n<li>Kimli\u011finizi tespit edebilmek ve yanl\u0131\u015f ki\u015filere bilgi vermemek ad\u0131na yaz\u0131l\u0131 olarak noter arac\u0131l\u0131\u011f\u0131 ile veya iadeli taahh\u00fctl\u00fc mektup ile,<\/li>\n<li>G\u00fcvenli elektronik imza, mobil imza ya da (varsa) taraf\u0131n\u0131zca daha \u015eirketimize bildirilen ve sistemlerimizde kay\u0131tl\u0131 bulunan elektronik posta adresini kullanmak suretiyle\u00a0<u>kvkk@ekizoglumakina.com<\/u>dresine elektronik posta g\u00f6ndererek veya gelecekte Kurul\u2019un belirleyece\u011fi di\u011fer y\u00f6ntemlerle iletebilirsiniz.<\/li>\n<\/ul>\n<p>&nbsp;<\/p>\n","protected":false},"excerpt":{"rendered":"<p>EK\u0130ZO\u011eLU MAK\u0130NA SANAY\u0130 VE T\u0130CARET A.\u015e. 6698 SAYILI K\u0130\u015e\u0130SEL VER\u0130LER\u0130N KORUNMASI KANUNU KAPSAMINDA AYDINLATMA METN\u0130 &nbsp; EK\u0130ZO\u011eLU MAK\u0130NA SANAY\u0130 VE T\u0130CARET A.\u015e.\u00a0(Bundan sonra\u00a0\u201c\u015eirket\u201d\u00a0olarak an\u0131lacakt\u0131r.) olarak \u00f6zel hayat\u0131n gizlili\u011fine sayg\u0131 duyuyor ve \u00f6nem veriyoruz. Bu nedenle, sizleri 6698 say\u0131l\u0131 Ki\u015fisel Verilerin Korunmas\u0131 Kanunu (Bundan sonra\u00a0\u201cKVKK\u201d\u00a0olarak an\u0131lacakt\u0131r.) kapsam\u0131nda ki\u015fisel verilerinizin kullan\u0131m\u0131 ve korunmas\u0131 ile ilgili haklar\u0131n\u0131z konusunda[Read More]\n","protected":false},"author":1,"featured_media":0,"parent":1464,"menu_order":0,"comment_status":"closed","ping_status":"closed","template":"page-blank-title-center.php","meta":{"inline_featured_image":false,"_joinchat":[],"footnotes":""},"class_list":["post-2187","page","type-page","status-publish","hentry"],"_links":{"self":[{"href":"https:\/\/ekizoglumakina.com\/en\/wp-json\/wp\/v2\/pages\/2187","targetHints":{"allow":["GET"]}}],"collection":[{"href":"https:\/\/ekizoglumakina.com\/en\/wp-json\/wp\/v2\/pages"}],"about":[{"href":"https:\/\/ekizoglumakina.com\/en\/wp-json\/wp\/v2\/types\/page"}],"author":[{"embeddable":true,"href":"https:\/\/ekizoglumakina.com\/en\/wp-json\/wp\/v2\/users\/1"}],"replies":[{"embeddable":true,"href":"https:\/\/ekizoglumakina.com\/en\/wp-json\/wp\/v2\/comments?post=2187"}],"version-history":[{"count":0,"href":"https:\/\/ekizoglumakina.com\/en\/wp-json\/wp\/v2\/pages\/2187\/revisions"}],"up":[{"embeddable":true,"href":"https:\/\/ekizoglumakina.com\/en\/wp-json\/wp\/v2\/pages\/1464"}],"wp:attachment":[{"href":"https:\/\/ekizoglumakina.com\/en\/wp-json\/wp\/v2\/media?parent=2187"}],"curies":[{"name":"wp","href":"https:\/\/api.w.org\/{rel}","templated":true}]}}