{"id":1561,"date":"2021-10-25T18:13:43","date_gmt":"2021-10-25T15:13:43","guid":{"rendered":"https:\/\/ekizoglumakina.com\/corporate\/calisan-stajyer-adaylari-aydinlatma-metni"},"modified":"2022-02-28T23:11:39","modified_gmt":"2022-02-28T20:11:39","slug":"calisan-stajyer-adaylari-aydinlatma-metni","status":"publish","type":"page","link":"https:\/\/ekizoglumakina.com\/en\/corporate\/calisan-stajyer-adaylari-aydinlatma-metni","title":{"rendered":"\u00c7al\u0131\u015fan\/Stajyer Adaylar\u0131 Ayd\u0131nlatma Metni"},"content":{"rendered":"<p><strong>EK\u0130ZO\u011eLU MAK\u0130NA SANAY\u0130 VE T\u0130CARET A.\u015e.<\/strong><\/p>\n<p><strong>\u00c7ALI\u015eAN\/STAJYER ADAYLARI AYDINLATMA METN\u0130<\/strong><\/p>\n<p>&nbsp;<\/p>\n<p><strong>a) Veri Sorumlusu<\/strong><\/p>\n<p>EK\u0130ZO\u011eLU MAK\u0130NA Sanayi ve Ticaret Anonim \u015eirketi (Bundan sonra \u201c\u015eirket\u201d olarak an\u0131lacakt\u0131r.)olarak ki\u015fisel verilerinizi, 6698 say\u0131l\u0131 Ki\u015fisel Verilerin Korunmas\u0131 Kanunu (Bundan sonra \u201cKVKK\u201d olarak an\u0131lacakt\u0131r.) ve ilgili sair mevzuat kapsam\u0131nda, veri sorumlusu s\u0131fat\u0131yla i\u015fleriz.<\/p>\n<p><strong>b) Ki\u015fisel Verilerin Hangi Ama\u00e7la \u0130\u015flenece\u011fi ve Hukuki Sebepleri<\/strong><\/p>\n<p>Ki\u015fisel verileriniz,<\/p>\n<ul>\n<li>\u00c7al\u0131\u015fan\/Stajyer aday\u0131 se\u00e7me ve yerle\u015ftirme s\u00fcre\u00e7lerinin y\u00f6netilmesi,<\/li>\n<li>\u00c7al\u0131\u015fan\/Stajyer adaylar\u0131n\u0131n ba\u015fvuru s\u00fcre\u00e7lerinin y\u00fcr\u00fct\u00fclmesi,<\/li>\n<li>\u0130nsan kaynaklar\u0131 s\u00fcre\u00e7lerinin planlanmas\u0131,<\/li>\n<li>\u0130leti\u015fim faaliyetlerinin y\u00fcr\u00fct\u00fclmesi,<\/li>\n<\/ul>\n<p>ama\u00e7lar\u0131yla KVKK\u2019n\u0131n 5 (2) maddesinde belirtilen \u201cc) Bir s\u00f6zle\u015fmenin kurulmas\u0131 veya ifas\u0131yla do\u011frudan do\u011fruya ilgili olmas\u0131 kayd\u0131yla, s\u00f6zle\u015fmenin taraflar\u0131na ait ki\u015fisel verilerin i\u015flenmesinin gerekli olmas\u0131\u201d, \u201c\u00e7) Veri sorumlusunun hukuki y\u00fck\u00fcml\u00fcl\u00fc\u011f\u00fcn\u00fc yerine getirebilmesi i\u00e7in zorunlu olmas\u0131\u201d hukuki sebepleri d\u00e2hilinde i\u015flenecektir.<\/p>\n<p><strong>c) Ki\u015fisel Verilerin Toplama Y\u00f6ntemi<\/strong><\/p>\n<p>Ki\u015fisel verileriniz, bu metnin (b) ba\u015fl\u0131\u011f\u0131ndaki ama\u00e7lar\u0131n yerine getirilebilmesi i\u00e7in taraf\u0131n\u0131zca \u00f6zge\u00e7mi\u015finizin iletilmesi ve referans arac\u0131l\u0131\u011f\u0131yla \u00f6zge\u00e7mi\u015f iletilmesi \u015fekillerinde otomatik veya otomatik olmayan y\u00f6ntemlerle yaz\u0131l\u0131 veya elektronik ortamlarda elde edilecektir.<\/p>\n<p><strong>d) \u0130\u015flenen Ki\u015fisel Verilerin Kimlere ve Hangi Ama\u00e7la Aktar\u0131labilece\u011fi<\/strong><\/p>\n<p>Ki\u015fisel verileriniz aktar\u0131lmamaktad\u0131r.<\/p>\n<p><strong>e) KVKK\u2019n\u0131n 11. Maddesi Kapsam\u0131ndaki Haklar\u0131n\u0131z<\/strong><\/p>\n<p>KVKK\u2019n\u0131n 11. maddesi kapsam\u0131nda, veri sahibi olarak haklar\u0131n\u0131z bulunmakta olup bu haklar\u0131n\u0131z ile ilgili taleplerinizi \u0130lgili Ki\u015fi Ba\u015fvuru Formu\u2019nda belirtilen b\u00fct\u00fcn bilgileri doldurmak suretiyle KVKK\u2019n\u0131n 11. maddesi ile 13. maddesinin 1. f\u0131kras\u0131 ve Veri Sorumlusuna Ba\u015fvuru Usul ve Esaslar\u0131 Hakk\u0131nda Tebli\u011f gere\u011fince,<\/p>\n<ul>\n<li>Kocaba\u015f Mahallesi, Ankara Asfalt\u0131 \u00dczeri 30. Km. No:29 \/ DEN\u0130ZL\u0130 adresindeki \u015eirketimize bizzat gelerek,<\/li>\n<li>Kimli\u011finizi tespit edebilmek ve yanl\u0131\u015f ki\u015filere bilgi vermemek ad\u0131na yaz\u0131l\u0131 olarak noter arac\u0131l\u0131\u011f\u0131 ile veya iadeli taahh\u00fctl\u00fc mektup ile,<\/li>\n<li>G\u00fcvenli elektronik imza, mobil imza ya da (varsa) taraf\u0131n\u0131zca daha \u015eirketimize bildirilen ve sistemlerimizde kay\u0131tl\u0131 bulunan elektronik posta adresini kullanmak suretiyle kvkk@ekizoglumakina.com adresine elektronik posta g\u00f6ndererek iletebilirsiniz.<\/li>\n<\/ul>\n<p><strong>f) Ki\u015fisel Verilerin Saklanma S\u00fcresi<\/strong><\/p>\n<p>\u015eirket, ki\u015fisel verilerin i\u015fleme amac\u0131n\u0131n ortadan kalkmas\u0131, Kanunlar ve ilgili sair mevzuat kapsam\u0131nda belirlenen zorunlu saklama s\u00fcrelerinin dolmas\u0131yla birlikte ki\u015fisel verileri siler, yok eder veya anonim hale getirir.<\/p>\n<p><strong>g) De\u011fi\u015fiklik ve G\u00fcncellemeler<\/strong><\/p>\n<p>\u0130\u015f bu ayd\u0131nlatma metni, 6698 say\u0131l\u0131 Ki\u015fisel Verilerin Korunmas\u0131 Kanunu ve ilgili sair mevzuat kapsam\u0131nda haz\u0131rlanm\u0131\u015ft\u0131r. \u0130lgili yasal mevzuat ve\/veya \u015eirket\u2019in ki\u015fisel veri i\u015fleme ama\u00e7 ve politikalar\u0131nda meydana gelecek de\u011fi\u015fiklikler do\u011frultusunda bahse konu ayd\u0131nlatma metninde gerekli de\u011fi\u015fiklikler yap\u0131labilir.<\/p>\n<p>Ayd\u0131nlatma Metninin en g\u00fcncel haline https:\/\/www.ekizoglumakina.com adresinden ula\u015f\u0131labilecektir.<\/p>\n<p><strong>6698 say\u0131l\u0131 Ki\u015fisel Verilerin Korunmas\u0131 Kanunu (\u201cKVKK\u201d) kapsam\u0131nda yukar\u0131da yap\u0131lan bilgilendirmeyi okudum ve anlad\u0131m.<\/strong><\/p>\n<p>&nbsp;<\/p>\n<p><strong>EK \u2013 \u00c7ALI\u015eAN\/STAJYER AYDINLATMA METN\u0130<\/strong><\/p>\n<p><strong>EK\u0130ZO\u011eLU MAK\u0130NA SANAY\u0130 VE T\u0130CARET ANON\u0130M \u015e\u0130RKET\u0130<\/strong><\/p>\n<p><strong>\u00c7ALI\u015eAN\/STAJYER AYDINLATMA METN\u0130<\/strong><\/p>\n<p><strong>EK\u0130ZO\u011eLU MAK\u0130NA SANAY\u0130 VE T\u0130CARET ANON\u0130M \u015e\u0130RKET\u0130<\/strong> olarak ki\u015fisel verilerinizi, 6698 say\u0131l\u0131 Ki\u015fisel Verilerin Korunmas\u0131 Kanunu (\u201cKVKK\u201d) ve ilgili sair mevzuat kapsam\u0131nda, veri sorumlusu s\u0131fat\u0131yla i\u015fleriz.<\/p>\n<p><strong>a) Ki\u015fisel Verilerin Hangi Ama\u00e7la \u0130\u015flenece\u011fi ve Hukuki Sebepleri<\/strong><\/p>\n<p>Ki\u015fisel verileriniz,<\/p>\n<ul>\n<li>\u00c7al\u0131\u015fanlar \u0130\u00e7in \u0130\u015f Akdi ve Mevzuattan Kaynakl\u0131 Y\u00fck\u00fcml\u00fcl\u00fcklerin Yerine Getirilmesi,<\/li>\n<li>\u0130nsan Kaynaklar\u0131 S\u00fcre\u00e7lerinin Planlanmas\u0131,<\/li>\n<li>G\u00f6revlendirme S\u00fcre\u00e7lerinin Y\u00fcr\u00fct\u00fclmesi,<\/li>\n<li>E\u011fitim Faaliyetlerinin Y\u00fcr\u00fct\u00fclmesi,<\/li>\n<li>\u0130leti\u015fim Faaliyetlerinin Y\u00fcr\u00fct\u00fclmesi,<\/li>\n<li>Acil Durum S\u00fcre\u00e7lerinizin Y\u00fcr\u00fct\u00fclmesi,<\/li>\n<li>Denetim \/ Etik Faaliyetlerinin Y\u00fcr\u00fct\u00fclmesi,<\/li>\n<li>\u0130\u015f Sa\u011fl\u0131\u011f\u0131 ve G\u00fcvenli\u011fi S\u00fcre\u00e7lerinin Y\u00fcr\u00fct\u00fclmesi,<\/li>\n<li>Denetim Faaliyetlerinin Planlanmas\u0131 ve \u0130cras\u0131n\u0131n Yap\u0131lmas\u0131,<\/li>\n<li>\u0130\u00e7 Denetim\/ Soru\u015fturma \/ \u0130stihbarat Faaliyetlerinin Y\u00fcr\u00fct\u00fclmesi,<\/li>\n<li>\u0130\u015f Faaliyetlerinin Y\u00fcr\u00fct\u00fclmesi \/ Denetimi,<\/li>\n<li>Yetkili Ki\u015fi, Kurum ve Kurulu\u015flara Bilgi Verilmesi<\/li>\n<li>Mal \/ Hizmet \u00dcretim ve Operasyon S\u00fcre\u00e7lerinin Y\u00fcr\u00fct\u00fclmesi<\/li>\n<li>Fiziksel Mek\u00e2n G\u00fcvenli\u011finin Temini<\/li>\n<li>Faaliyetlerin Mevzuata Uygun Y\u00fcr\u00fct\u00fclmesi<\/li>\n<li>\u00c7al\u0131\u015fan Memnuniyeti ve Ba\u011fl\u0131l\u0131\u011f\u0131 S\u00fcre\u00e7lerinin Y\u00fcr\u00fct\u00fclmesi<\/li>\n<li>Saklama ve Ar\u015fiv Faaliyetlerinin Y\u00fcr\u00fct\u00fclmesi<\/li>\n<li>\u0130\u015f S\u00fcreklili\u011finin Sa\u011flanmas\u0131 Faaliyetlerinin Y\u00fcr\u00fct\u00fclmesi<\/li>\n<li>\u0130\u015f Faaliyetlerinin Y\u00fcr\u00fct\u00fclmesi, Denetimi<\/li>\n<li>Mal \/ Hizmet Sat\u0131n Al\u0131m S\u00fcre\u00e7lerinin Y\u00fcr\u00fct\u00fclmesi<\/li>\n<li>Bilgi G\u00fcvenli\u011fi S\u00fcre\u00e7lerinin Y\u00fcr\u00fct\u00fclmesi<\/li>\n<li>Veri Sorumlusu Operasyonlar\u0131n\u0131n G\u00fcvenli\u011finin Temini<\/li>\n<li>\u00c7al\u0131\u015fanlar \u0130\u00e7in Yan Haklar ve Menfaatleri S\u00fcre\u00e7lerinin Y\u00fcr\u00fct\u00fclmesi<\/li>\n<li>Eri\u015fim Yetkilerinin Y\u00fcr\u00fct\u00fclmesi<\/li>\n<li>Finans ve Muhasebe \u0130\u015flerinin Y\u00fcr\u00fct\u00fclmesi<\/li>\n<li>Hukuk \u0130\u015flerinin Takibi ve Y\u00fcr\u00fct\u00fclmesi,<\/li>\n<li>S\u00f6zle\u015fme S\u00fcre\u00e7lerinin Y\u00fcr\u00fct\u00fclmesi,<\/li>\n<\/ul>\n<p>ama\u00e7lar\u0131yla KVKK\u2019n\u0131n 5 (2) maddesinde belirtilen \u201ca) Kanunlarda a\u00e7\u0131k\u00e7a \u00f6ng\u00f6r\u00fclmesi\u201d, \u201cc) Bir s\u00f6zle\u015fmenin kurulmas\u0131 veya ifas\u0131yla do\u011frudan do\u011fruya ilgili olmas\u0131 kayd\u0131yla, s\u00f6zle\u015fmenin taraflar\u0131na ait ki\u015fisel verilerin i\u015flenmesinin gerekli olmas\u0131\u201d, \u201c\u00e7) Veri sorumlusunun hukuki y\u00fck\u00fcml\u00fcl\u00fc\u011f\u00fcn\u00fcn yerine getirebilmesi i\u00e7in zorunlu olmas\u0131, e) Bir hakk\u0131n tesisi, kullan\u0131lmas\u0131 veya korunmas\u0131 i\u00e7in veri i\u015flemenin zorunlu olmas\u0131, f)\u0130lgili ki\u015finin temel hak ve \u00f6zg\u00fcrl\u00fcklerine zarar vermemek kayd\u0131yla, veri sorumlusunun me\u015fru menfaatleri i\u00e7in veri i\u015flenmesinin zorunlu olmas\u0131\u201d hukuki sebepleri d\u00e2hilinde i\u015flenecektir. \u00d6zel nitelikli ki\u015fisel verileriniz (sa\u011fl\u0131k durumu bilgisi), i\u015f sa\u011fl\u0131\u011f\u0131 ve g\u00fcvenli\u011fi s\u00fcre\u00e7lerinin y\u00fcr\u00fct\u00fclmesi ile i\u015f akdi ve mevzuattan kaynaklanan y\u00fck\u00fcml\u00fcl\u00fcklerin yerine getirilmesi ama\u00e7lar\u0131yla ba\u011flant\u0131l\u0131, s\u0131n\u0131rl\u0131 ve \u00f6l\u00e7\u00fcl\u00fc olmak \u00fczere, KVKK\u2019n\u0131n 6 (2) maddesinde belirtilen hukuki sebebe dayanarak \u00e7al\u0131\u015fan\u0131n a\u00e7\u0131k r\u0131zas\u0131 al\u0131narak i\u015flenecektir.<\/p>\n<p>\u00d6zel nitelikli ki\u015fisel verileriniz (ceza mahkumiyeti ve g\u00fcvenlik tedbirleri i\u00e7ermesi ihtimaliyle s\u0131n\u0131rl\u0131 olarak adli sicil kayd\u0131 adli sicil kayd\u0131), i\u015f sa\u011fl\u0131\u011f\u0131 ve g\u00fcvenli\u011fi s\u00fcre\u00e7lerinin y\u00fcr\u00fct\u00fclmesi ama\u00e7lar\u0131yla KVKK\u2019n\u0131n 6 (2) maddesinde belirtilen hukuki sebebe dayanarak \u00e7al\u0131\u015fan\u0131n a\u00e7\u0131k r\u0131zas\u0131 al\u0131narak i\u015flenecektir.<\/p>\n<p><strong>Ki\u015fisel Verilerin Toplama Y\u00f6ntemi<\/strong><\/p>\n<p>Ki\u015fisel verileriniz, yukar\u0131daki ama\u00e7lar\u0131n yerine getirilebilmesi i\u00e7in; otomatik ve otomatik olmayan yolla toplan\u0131r.<\/p>\n<p><strong>b) \u0130\u015flenen Ki\u015fisel Verilerin Kimlere ve Hangi Ama\u00e7la Aktar\u0131labilece\u011fi<\/strong><\/p>\n<p>Ki\u015fisel verileriniz, a\u015fa\u011f\u0131da belirtilen ama\u00e7lar ile KVKK\u2019n\u0131n 8 (2) (a) maddeleri uyar\u0131nca personelin a\u00e7\u0131k r\u0131zas\u0131 aranmaks\u0131z\u0131n aktar\u0131lacakt\u0131r:<\/p>\n<ul>\n<li>Bireysel Emeklilik Sistemi (BES) faaliyetleri ve maa\u015f \u00f6demelerinin ger\u00e7ekle\u015ftirilebilmesi amac\u0131yla anla\u015fmal\u0131 oldu\u011fumuz firma ile payla\u015f\u0131lacakt\u0131r.<\/li>\n<li>\u0130lgili mevzuat uyar\u0131nca y\u00fck\u00fcml\u00fcl\u00fcklerimizin yerine getirilebilmesi amac\u0131yla anla\u015fmal\u0131 mali m\u00fc\u015favirlik firmas\u0131 ve yetkili kamu kurum ve kurulu\u015flar\u0131 ile payla\u015f\u0131lacakt\u0131r.<\/li>\n<li>\u0130lgili mevzuat uyar\u0131nca yasal y\u00fck\u00fcml\u00fcl\u00fcklerini yerine getirebilmesi amac\u0131yla, gerekmesi veya talep gelmesi halinde, ilgili kamu kurum ve kurulu\u015flar\u0131, \u00f6zel kurum ve kurulu\u015flar ve dan\u0131\u015fmanl\u0131k hizmeti ald\u0131\u011f\u0131m\u0131z anla\u015fmal\u0131 firmalar ile payla\u015f\u0131lacakt\u0131r.<\/li>\n<li>S\u00f6zle\u015fmesel y\u00fck\u00fcml\u00fcl\u00fcklerin yerine getirilmesi amac\u0131yla gerekmesi veya talep edilmesi halinde, ilgili kurum, kurulu\u015f ya da anla\u015fmal\u0131 firmalar ile payla\u015f\u0131lacakt\u0131r.<\/li>\n<li>Hukuki s\u00fcre\u00e7lerin takip edilebilmesi amac\u0131yla avukatlar\u0131m\u0131z ile s\u0131r saklama y\u00fck\u00fcml\u00fcl\u00fc\u011f\u00fc \u00e7er\u00e7evesinde gerekti\u011fi kadar payla\u015f\u0131labilecektir. \u0130\u015f faaliyetlerimizin y\u00fcr\u00fct\u00fclmesi kapsam\u0131nda bilgi ve ileti\u015fim teknolojileri uygulamalar\u0131 ve yaz\u0131l\u0131mlar\u0131 (\u201cBT Sistemleri\u201d) (Microsoft Office365 e-posta yaz\u0131l\u0131mlar\u0131 ile \u00e7evrimi\u00e7i toplant\u0131 ve uzaktan ba\u011flant\u0131 yaz\u0131l\u0131mlar\u0131) kullan\u0131lacakt\u0131r. <strong>Sunulan bu hizmetlerin alt yap\u0131s\u0131 ve veri tabanlar\u0131 yurt d\u0131\u015f\u0131nda bulunmaktad\u0131r.<\/strong>Ki\u015fisel verileriniz, ileti\u015fim faaliyetlerinin y\u00fcr\u00fct\u00fclebilmesi ama\u00e7lar\u0131yla kullan\u0131lan BT Sistemleri\u2019nin alt yap\u0131s\u0131 ve veri tabanlar\u0131n\u0131n yurt d\u0131\u015f\u0131nda bulunmas\u0131 nedeniyle \u201ca\u00e7\u0131k r\u0131zan\u0131z al\u0131narak\u201d yurt d\u0131\u015f\u0131na aktar\u0131lacakt\u0131r.<\/li>\n<\/ul>\n<p><strong>c) KVKK\u2019n\u0131n 11. Maddesi Kapsam\u0131ndaki Haklar\u0131n\u0131z<\/strong><\/p>\n<p>KVKK\u2019n\u0131n 11. maddesi kapsam\u0131nda, veri sahibi olarak haklar\u0131n\u0131z bulunmakta olup bu haklar\u0131n\u0131z ile ilgili taleplerinizi \u0130lgili Ki\u015fi Ba\u015fvuru Formu\u2019nda belirtilen b\u00fct\u00fcn bilgileri doldurmak suretiyle KVKK\u2019n\u0131n 11. maddesi ile 13. maddesinin 1. f\u0131kras\u0131 ve <strong>Veri Sorumlusuna Ba\u015fvuru Usul ve Esaslar\u0131 Hakk\u0131nda Tebli\u011f<\/strong> gere\u011fince,<\/p>\n<ul>\n<li>Kocaba\u015f Mahallesi, Ankara Asfalt\u0131 \u00dczeri 30. Km. No:29 \/ DEN\u0130ZL\u0130 adresindeki \u015eirketimize bizzat gelerek,<\/li>\n<li>Kimli\u011finizi tespit edebilmek ve yanl\u0131\u015f ki\u015filere bilgi vermemek ad\u0131na yaz\u0131l\u0131 olarak noter arac\u0131l\u0131\u011f\u0131 ile veya iadeli taahh\u00fctl\u00fc mektup ile,<\/li>\n<li>G\u00fcvenli elektronik imza, mobil imza ya da (varsa) taraf\u0131n\u0131zca daha \u015eirketimize bildirilen ve sistemlerimizde kay\u0131tl\u0131 bulunan elektronik posta adresini kullanmak suretiyle info@ekizoglumakina.com adresine elektronik posta g\u00f6ndererek iletebilirsiniz.<\/li>\n<\/ul>\n<p><strong>h) Ki\u015fisel Verilerin Saklanma S\u00fcresi<\/strong><\/p>\n<p>\u015eirket, ki\u015fisel verilerin i\u015fleme amac\u0131n\u0131n ortadan kalkmas\u0131, Kanunlar ve ilgili sair mevzuat kapsam\u0131nda belirlenen zorunlu saklama s\u00fcrelerinin dolmas\u0131yla birlikte ki\u015fisel verileri siler, yok eder veya anonim hale getirir.<\/p>\n<p><strong>i) De\u011fi\u015fiklik ve G\u00fcncellemeler<\/strong><\/p>\n<p>\u0130\u015f bu ayd\u0131nlatma metni, 6698 say\u0131l\u0131 Ki\u015fisel Verilerin Korunmas\u0131 Kanunu ve ilgili sair mevzuat kapsam\u0131nda haz\u0131rlanm\u0131\u015ft\u0131r. \u0130lgili yasal mevzuat ve\/veya \u015eirket\u2019in ki\u015fisel veri i\u015fleme ama\u00e7 ve politikalar\u0131nda meydana gelecek de\u011fi\u015fiklikler do\u011frultusunda bahse konu ayd\u0131nlatma metninde gerekli de\u011fi\u015fiklikler yap\u0131labilir.<\/p>\n<p>Ayd\u0131nlatma Metninin en g\u00fcncel haline https:\/\/www.ekizoglumakina.com adresinden ula\u015f\u0131labilecektir.<\/p>\n<p><strong>6698 say\u0131l\u0131 Ki\u015fisel Verilerin Korunmas\u0131 Kanunu (\u201cKVKK\u201d) kapsam\u0131nda yukar\u0131da yap\u0131lan bilgilendirmeyi okudum ve anlad\u0131m.<\/strong><\/p>\n<p>&nbsp;<\/p>\n<p><strong><em>De\u011ferli \u00c7al\u0131\u015fan\/Stajyer Aday\u0131,<\/em><\/strong><\/p>\n<p><strong><em>\u015eirketimize referans arac\u0131l\u0131\u011f\u0131yla g\u00f6ndermi\u015f oldu\u011funuz \u00f6zge\u00e7mi\u015finiz i\u00e7erisinde yer alan ki\u015fisel verilerinizi, 6698 say\u0131l\u0131 Ki\u015fisel Verilerin Korunmas\u0131 Kanunu kapsam\u0131nda i\u015fledi\u011fimizi ve insan kaynaklar\u0131 s\u00fcre\u00e7lerinde kullanaca\u011f\u0131m\u0131z\u0131 bilginize sunar\u0131z.<\/em><\/strong><\/p>\n<p><strong><em>Konu ile ilgili bilgilendirmeyi \u00c7al\u0131\u015fan\/Stajyer Aday\u0131 Ayd\u0131nlatma Metni ile bilginize sunar; bilgilendirmeyi ald\u0131\u011f\u0131n\u0131za dair teyidinizi kvkk@ekizoglumakina.com e-posta adresine iletmenizi rica ederiz. \u201c<\/em><\/strong><\/p>\n","protected":false},"excerpt":{"rendered":"<p>EK\u0130ZO\u011eLU MAK\u0130NA SANAY\u0130 VE T\u0130CARET A.\u015e. \u00c7ALI\u015eAN\/STAJYER ADAYLARI AYDINLATMA METN\u0130 &nbsp; a) Veri Sorumlusu EK\u0130ZO\u011eLU MAK\u0130NA Sanayi ve Ticaret Anonim \u015eirketi (Bundan sonra \u201c\u015eirket\u201d olarak an\u0131lacakt\u0131r.)olarak ki\u015fisel verilerinizi, 6698 say\u0131l\u0131 Ki\u015fisel Verilerin Korunmas\u0131 Kanunu (Bundan sonra \u201cKVKK\u201d olarak an\u0131lacakt\u0131r.) ve ilgili sair mevzuat kapsam\u0131nda, veri sorumlusu s\u0131fat\u0131yla i\u015fleriz. b) Ki\u015fisel Verilerin Hangi Ama\u00e7la \u0130\u015flenece\u011fi ve[Read More]\n","protected":false},"author":1,"featured_media":0,"parent":1464,"menu_order":0,"comment_status":"closed","ping_status":"closed","template":"page-blank-title-center.php","meta":{"inline_featured_image":false,"_joinchat":[],"footnotes":""},"class_list":["post-1561","page","type-page","status-publish","hentry"],"_links":{"self":[{"href":"https:\/\/ekizoglumakina.com\/en\/wp-json\/wp\/v2\/pages\/1561","targetHints":{"allow":["GET"]}}],"collection":[{"href":"https:\/\/ekizoglumakina.com\/en\/wp-json\/wp\/v2\/pages"}],"about":[{"href":"https:\/\/ekizoglumakina.com\/en\/wp-json\/wp\/v2\/types\/page"}],"author":[{"embeddable":true,"href":"https:\/\/ekizoglumakina.com\/en\/wp-json\/wp\/v2\/users\/1"}],"replies":[{"embeddable":true,"href":"https:\/\/ekizoglumakina.com\/en\/wp-json\/wp\/v2\/comments?post=1561"}],"version-history":[{"count":0,"href":"https:\/\/ekizoglumakina.com\/en\/wp-json\/wp\/v2\/pages\/1561\/revisions"}],"up":[{"embeddable":true,"href":"https:\/\/ekizoglumakina.com\/en\/wp-json\/wp\/v2\/pages\/1464"}],"wp:attachment":[{"href":"https:\/\/ekizoglumakina.com\/en\/wp-json\/wp\/v2\/media?parent=1561"}],"curies":[{"name":"wp","href":"https:\/\/api.w.org\/{rel}","templated":true}]}}