{"id":1969,"date":"2022-03-28T10:00:34","date_gmt":"2022-03-28T07:00:34","guid":{"rendered":"https:\/\/ekizoglumakina.com\/urun\/takoz-tas-patlatma-makinesi-em03"},"modified":"2023-07-28T14:22:08","modified_gmt":"2023-07-28T11:22:08","slug":"mini-hidrolik-tas-kirma-makinesi","status":"publish","type":"product","link":"https:\/\/ekizoglumakina.com\/ar\/product\/mini-hidrolik-tas-kirma-makinesi","title":{"rendered":"\u0622\u0644\u0629 \u062a\u0643\u0633\u064a\u0631 \u0627\u0644\u062d\u062c\u0627\u0631\u0629 \u0627\u0644\u0647\u064a\u062f\u0631\u0648\u0644\u064a\u0643\u064a\u0629 \u0627\u0644\u0635\u063a\u064a\u0631\u0629 \u2013 EM03"},"content":{"rendered":"<p><iframe loading=\"lazy\" title=\"EM03 - M\u0130N\u0130 H\u0130DROL\u0130K TA\u015e KIRMA MAK\u0130NES\u0130 \/ EM03 - MINI HYDRAULIC STONE SPLITTING MACHINE\" width=\"1020\" height=\"574\" src=\"https:\/\/www.youtube.com\/embed\/cx4YxjkcZ-s?feature=oembed\" frameborder=\"0\" allow=\"accelerometer; autoplay; clipboard-write; encrypted-media; gyroscope; picture-in-picture; web-share\" allowfullscreen><\/iframe><\/p>\n<p>&nbsp;<\/p>\n","protected":false},"excerpt":{"rendered":"<p>\u2022 \u0639\u0631\u0636 \u0627\u0644\u0634\u0631\u064a\u0637: 150 \u0645\u0645<br \/>\n\u2022 \u0642\u0648\u0629 \u0645\u062d\u0631\u0643 \u0627\u0644\u0634\u0631\u064a\u0637: 0,37 \u0643\u064a\u0644\u0648\u0648\u0627\u0637<br \/>\n\u2022 \u0642\u0648\u0629 \u0627\u0644\u0645\u062d\u0631\u0643 \u0627\u0644\u0647\u064a\u062f\u0631\u0648\u0644\u064a\u0643\u064a: 5,5 \u0643\u064a\u0644\u0648\u0648\u0627\u0637<br \/>\n\u2022 \u0633\u0639\u0629 \u0627\u0644\u062e\u0632\u0627\u0646 \u0627\u0644\u0647\u064a\u062f\u0631\u0648\u0644\u064a\u0643\u064a: 60 \u0644\u062a\u0631<br \/>\n\u2022 \u0636\u063a\u0637 \u0627\u0644\u0639\u0645\u0644: 180 \u0628\u0627\u0631<br \/>\n\u2022 \u0623\u0628\u0639\u0627\u062f \u0627\u0644\u0622\u0644\u0629 (\u0639\u0631\u0636\/ \u0639\u0645\u0642 \/ \u0627\u0631\u062a\u0641\u0627\u0639) 1800 \/ 950 \/ 1800 \u0645\u0645<\/p>\n<p>\u0648\u0638\u0627\u0626\u0641 \u0627\u0644\u062a\u0634\u063a\u064a\u0644 \u0627\u0644\u062a\u0644\u0642\u0627\u0626\u064a<br \/>\n\u2022 \u0645\u062f\u0649 \u0627\u0631\u062a\u0641\u0627\u0639 \u0645\u0633\u0627\u062d\u0629 \u0627\u0644\u0639\u0645\u0644: 10 &#8211; 150 \u0645\u0645<br \/>\n\u2022 \u0645\u062f\u0649 \u0639\u0631\u0636 \u0645\u0633\u0627\u062d\u0629 \u0627\u0644\u0639\u0645\u0644: 70 &#8211; 150 \u0645\u0645<br \/>\n\u2022 \u0637\u0648\u0644 \u0645\u0633\u0627\u062d\u0629 \u0627\u0644\u0639\u0645\u0644: 300 \u0645\u0645<br \/>\n\u2022 \u062d\u0633\u0627\u0633 \u062a\u0643\u0633\u064a\u0631 \u0627\u0644\u062d\u062c\u0631 \u0627\u0644\u062a\u0644\u0642\u0627\u0626\u064a<\/p>\n<p>\u0648\u0638\u0627\u0626\u0641 \u0627\u0644\u062a\u0634\u063a\u064a\u0644 \u0627\u0644\u064a\u062f\u0648\u064a<br \/>\n\u2022 \u0645\u062f\u0649 \u0627\u0631\u062a\u0641\u0627\u0639 \u0645\u0633\u0627\u062d\u0629 \u0627\u0644\u0639\u0645\u0644: 10 &#8211; 150 \u0645\u0645<br \/>\n\u2022 \u0645\u062f\u0649 \u0639\u0631\u0636 \u0645\u0633\u0627\u062d\u0629 \u0627\u0644\u0639\u0645\u0644: 70 &#8211; 300 \u0645\u0645<br \/>\n\u2022 \u0637\u0648\u0644 \u0645\u0633\u0627\u062d\u0629 \u0627\u0644\u0639\u0645\u0644: \u063a\u064a\u0631 \u0645\u062d\u062f\u0648\u062f<br \/>\n\u2022 \u062a\u0643\u0633\u064a\u0631 \u0645\u0632\u0648\u062f \u0628\u062f\u0648\u0627\u0633\u0629<\/p>\n","protected":false},"featured_media":2330,"comment_status":"open","ping_status":"closed","template":"","meta":{"inline_featured_image":false,"_joinchat":[]},"product_brand":[],"product_cat":[98],"product_tag":[103,104,105,106],"class_list":{"0":"post-1969","1":"product","2":"type-product","3":"status-publish","4":"has-post-thumbnail","6":"product_cat-mermer-makinalari-ar","7":"product_tag-makina-ar","8":"product_tag-makine-ar","9":"product_tag-takoz-ar","10":"product_tag-tas-patlatma-ar","12":"first","13":"instock","14":"featured","15":"shipping-taxable","16":"product-type-simple"},"_links":{"self":[{"href":"https:\/\/ekizoglumakina.com\/ar\/wp-json\/wp\/v2\/product\/1969","targetHints":{"allow":["GET"]}}],"collection":[{"href":"https:\/\/ekizoglumakina.com\/ar\/wp-json\/wp\/v2\/product"}],"about":[{"href":"https:\/\/ekizoglumakina.com\/ar\/wp-json\/wp\/v2\/types\/product"}],"replies":[{"embeddable":true,"href":"https:\/\/ekizoglumakina.com\/ar\/wp-json\/wp\/v2\/comments?post=1969"}],"wp:featuredmedia":[{"embeddable":true,"href":"https:\/\/ekizoglumakina.com\/ar\/wp-json\/wp\/v2\/media\/2330"}],"wp:attachment":[{"href":"https:\/\/ekizoglumakina.com\/ar\/wp-json\/wp\/v2\/media?parent=1969"}],"wp:term":[{"taxonomy":"product_brand","embeddable":true,"href":"https:\/\/ekizoglumakina.com\/ar\/wp-json\/wp\/v2\/product_brand?post=1969"},{"taxonomy":"product_cat","embeddable":true,"href":"https:\/\/ekizoglumakina.com\/ar\/wp-json\/wp\/v2\/product_cat?post=1969"},{"taxonomy":"product_tag","embeddable":true,"href":"https:\/\/ekizoglumakina.com\/ar\/wp-json\/wp\/v2\/product_tag?post=1969"}],"curies":[{"name":"wp","href":"https:\/\/api.w.org\/{rel}","templated":true}]}}