{"id":2195,"date":"2021-10-25T18:10:53","date_gmt":"2021-10-25T15:10:53","guid":{"rendered":"https:\/\/ekizoglumakina.com\/about\/ilgili-kisi-basvuru-formu"},"modified":"2021-10-25T18:10:53","modified_gmt":"2021-10-25T15:10:53","slug":"ilgili-kisi-basvuru-formu","status":"publish","type":"page","link":"https:\/\/ekizoglumakina.com\/ar\/about\/ilgili-kisi-basvuru-formu","title":{"rendered":"\u0130lgili Ki\u015fi Ba\u015fvuru Formu"},"content":{"rendered":"<p><strong>EK\u0130ZO\u011eLU MAK\u0130NA SANAY\u0130 VE T\u0130CARET A.\u015e.<\/strong><\/p>\n<p><strong>6698 SAYILI K\u0130\u015e\u0130SEL VER\u0130LER\u0130N KORUNMASI KANUNU KAPSAMINDA \u0130LG\u0130L\u0130 K\u0130\u015e\u0130 BA\u015eVURU FORMU<\/strong><\/p>\n<p>&nbsp;<\/p>\n<p>6698 say\u0131l\u0131 Ki\u015fisel Verilerin Korunmas\u0131 Kanunu\u2019nda (\u201cKVKK\u201d olarak an\u0131lacakt\u0131r.) \u201cilgili ki\u015fi\u201d olarak tan\u0131mlanan ki\u015fisel veri sahiplerine (\u201cBa\u015fvuru Sahibi\u201d olarak an\u0131lacakt\u0131r.), KVKK\u2019n\u0131n 11. maddesi kapsam\u0131nda a\u015fa\u011f\u0131daki haklar tan\u0131nm\u0131\u015ft\u0131r:<\/p>\n<ul>\n<li>Ki\u015fisel verilerinizin i\u015flenip i\u015flenmedi\u011fini \u00f6\u011frenme,<\/li>\n<li>Ki\u015fisel verileriniz i\u015flenmi\u015fse buna ili\u015fkin bilgi talep etme,<\/li>\n<li>Ki\u015fisel verilerinizin i\u015flenme amac\u0131n\u0131 ve bunlar\u0131n amac\u0131na uygun kullan\u0131l\u0131p kullan\u0131lmad\u0131\u011f\u0131n\u0131 \u00f6\u011frenme,<\/li>\n<li>Yurt i\u00e7inde veya yurt d\u0131\u015f\u0131nda ki\u015fisel verilerinizin aktar\u0131ld\u0131\u011f\u0131 \u00fc\u00e7\u00fcnc\u00fc ki\u015fileri bilme,<\/li>\n<li>Ki\u015fisel verilerinizin eksik veya yanl\u0131\u015f i\u015flenmi\u015f olmas\u0131 h\u00e2linde bunlar\u0131n d\u00fczeltilmesini isteme ve bu kapsamda yap\u0131lan i\u015flemin ki\u015fisel verilerinizin aktar\u0131ld\u0131\u011f\u0131 \u00fc\u00e7\u00fcnc\u00fc ki\u015filere bildirilmesini isteme,<\/li>\n<li>KVKK ile ilgili di\u011fer kanun ve sair mevzuat h\u00fck\u00fcmlerine uygun olarak i\u015flenmi\u015f olmas\u0131na ra\u011fmen, i\u015flenmesini gerektiren sebeplerin ortadan kalkmas\u0131 h\u00e2linde, ki\u015fisel verilerinizin silinmesini veya yok edilmesini isteme ve bu kapsamda yap\u0131lan i\u015flemin ki\u015fisel verilerinizin aktar\u0131ld\u0131\u011f\u0131 \u00fc\u00e7\u00fcnc\u00fc ki\u015filere bildirilmesini isteme,<\/li>\n<li>\u0130\u015flenen verilerin m\u00fcnhas\u0131ran otomatik sistemler vas\u0131tas\u0131yla analiz edilmesi suretiyle \u015fahs\u0131n\u0131z aleyhine bir sonucun ortaya \u00e7\u0131kmas\u0131na itiraz etme,<\/li>\n<li>Ki\u015fisel verilerinizin kanuna ayk\u0131r\u0131 olarak i\u015flenmesi sebebiyle zarara u\u011framan\u0131z h\u00e2linde zarar\u0131n giderilmesini talep etme.<\/li>\n<\/ul>\n<p>KVKK\u2019n\u0131n 13. maddesinin 1. f\u0131kras\u0131 ile Veri Sorumlusuna Ba\u015fvuru Usul ve Esaslar\u0131 Hakk\u0131nda Tebli\u011f uyar\u0131nca, Kurumumuza bu haklara ili\u015fkin olarak yap\u0131lacak ba\u015fvurular\u0131n yaz\u0131l\u0131 olarak ya da taraf\u0131n\u0131zca Kurumumuza daha \u00f6nce bildirilen ve Kurumumuzun sisteminde kay\u0131tl\u0131 bulunan elektronik posta adresini kullanmak suretiyle kvkk@ekizoglumakina.com adresine elektronik posta g\u00f6ndererek veya Ki\u015fisel Verileri Koruma Kurulu (\u201cKurul\u201d olarak an\u0131lacakt\u0131r.) taraf\u0131ndan gelecekte belirlenecek di\u011fer y\u00f6ntemlerle iletilmesi gerekmektedir.<\/p>\n<p>Bu \u00e7er\u00e7evede \u201cyaz\u0131l\u0131\u201d olarak Kurumumuza yap\u0131lacak ba\u015fvurular, i\u015fbu formun \u00e7\u0131kt\u0131s\u0131 al\u0131narak;<\/p>\n<ul>\n<li>Ba\u015fvuru Sahibi taraf\u0131ndan Kurumumuza bizzat ba\u015fvurulmas\u0131 ile,<\/li>\n<li>Noter arac\u0131l\u0131\u011f\u0131 ile veya iadeli taahh\u00fctl\u00fc mektup ile,<\/li>\n<li>Ba\u015fvuru Sahibinin, Kurumumuzun sistemlerinde kay\u0131tl\u0131 e-posta adresinin bulunmas\u0131 durumunda, bu adresinden Kurumumuzun kvkk@ekizoglumakina.com adresine e-posta g\u00f6nderilmek suretiyle, iletilebilecektir.<\/li>\n<\/ul>\n<p>&nbsp;<\/p>\n<table width=\"1170\">\n<tbody>\n<tr>\n<td><\/td>\n<td><strong>Ba\u015fvurunun Yap\u0131laca\u011f\u0131 Adres<\/strong><\/td>\n<td><strong>Ba\u015fvuru G\u00f6nderiminde Belirtilecek Bilgi<\/strong><\/td>\n<\/tr>\n<tr>\n<td>\u015eahsen ba\u015fvuru (Ba\u015fvuru Sahibinin ba\u015fvuru adresine bizzat gelerek kimli\u011fini tevsik edici belge ile ba\u015fvurmas\u0131)<\/td>\n<td>Kocaba\u015f Mahallesi, Ankara Asfalt\u0131 \u00dczeri 30. Km. No:29 \/ DEN\u0130ZL\u0130<\/td>\n<td>Zarf\u0131n \u00fczerine \u201cKi\u015fisel Verilerin Korunmas\u0131 Kanunu Kapsam\u0131nda Bilgi Talebi\u201d yaz\u0131lacakt\u0131r.<\/td>\n<\/tr>\n<tr>\n<td>Noter arac\u0131l\u0131\u011f\u0131 ile tebligat<\/td>\n<td>Kocaba\u015f Mahallesi, Ankara Asfalt\u0131 \u00dczeri 30. Km. No:29 \/ DEN\u0130ZL\u0130<\/td>\n<td>Tebligat zarf\u0131na \u201cKi\u015fisel Verilerin Korunmas\u0131 Kanunu Kapsam\u0131nda Bilgi Talebi\u201d yaz\u0131lacakt\u0131r.<\/td>\n<\/tr>\n<tr>\n<td>Kurumumuza kay\u0131tl\u0131 e-posta adresinizden e-posta g\u00f6nderimi<\/td>\n<td>kvkk@ekizoglumakina .com<\/td>\n<td>E-posta iletisinin konu k\u0131sm\u0131na \u201cKi\u015fisel Verilerin Korunmas\u0131 Kanunu Kapsam\u0131nda Bilgi Talebi\u201d yaz\u0131lacakt\u0131r.<\/td>\n<\/tr>\n<\/tbody>\n<\/table>\n<p>&nbsp;<\/p>\n<p>A\u015fa\u011f\u0131da, yaz\u0131l\u0131 ba\u015fvurular\u0131n ne \u015fekilde taraf\u0131m\u0131za ula\u015ft\u0131r\u0131laca\u011f\u0131na ili\u015fkin yaz\u0131l\u0131 ba\u015fvuru kanallar\u0131 \u00f6zelinde bilgiler verilmektedir:<\/p>\n<p>Taraf\u0131m\u0131za iletilmi\u015f olan ba\u015fvurular\u0131n\u0131z KVKK\u2019n\u0131n 13. maddesinin 2. f\u0131kras\u0131 gere\u011fince, talebin niteli\u011fine g\u00f6re talebinizin bizlere ula\u015ft\u0131\u011f\u0131 tarihten itibaren otuz g\u00fcn i\u00e7inde yan\u0131tlanacakt\u0131r. Yan\u0131tlar\u0131m\u0131z KVKK\u2019n\u0131n 13. maddesi h\u00fckm\u00fc gere\u011fince yaz\u0131l\u0131 olarak veya elektronik ortamdan taraf\u0131n\u0131za ula\u015ft\u0131r\u0131lacakt\u0131r.<\/p>\n","protected":false},"excerpt":{"rendered":"<p>EK\u0130ZO\u011eLU MAK\u0130NA SANAY\u0130 VE T\u0130CARET A.\u015e. 6698 SAYILI K\u0130\u015e\u0130SEL VER\u0130LER\u0130N KORUNMASI KANUNU KAPSAMINDA \u0130LG\u0130L\u0130 K\u0130\u015e\u0130 BA\u015eVURU FORMU &nbsp; 6698 say\u0131l\u0131 Ki\u015fisel Verilerin Korunmas\u0131 Kanunu\u2019nda (\u201cKVKK\u201d olarak an\u0131lacakt\u0131r.) \u201cilgili ki\u015fi\u201d olarak tan\u0131mlanan ki\u015fisel veri sahiplerine (\u201cBa\u015fvuru Sahibi\u201d olarak an\u0131lacakt\u0131r.), KVKK\u2019n\u0131n 11. maddesi kapsam\u0131nda a\u015fa\u011f\u0131daki haklar tan\u0131nm\u0131\u015ft\u0131r: Ki\u015fisel verilerinizin i\u015flenip i\u015flenmedi\u011fini \u00f6\u011frenme, Ki\u015fisel verileriniz i\u015flenmi\u015fse buna ili\u015fkin[\u0642\u0631\u0627\u0621\u0629 \u0627\u0644\u0645\u0632\u064a\u062f]\n","protected":false},"author":1,"featured_media":0,"parent":2020,"menu_order":0,"comment_status":"closed","ping_status":"closed","template":"page-blank-title-center.php","meta":{"inline_featured_image":false,"_joinchat":[],"footnotes":""},"class_list":["post-2195","page","type-page","status-publish","hentry"],"_links":{"self":[{"href":"https:\/\/ekizoglumakina.com\/ar\/wp-json\/wp\/v2\/pages\/2195","targetHints":{"allow":["GET"]}}],"collection":[{"href":"https:\/\/ekizoglumakina.com\/ar\/wp-json\/wp\/v2\/pages"}],"about":[{"href":"https:\/\/ekizoglumakina.com\/ar\/wp-json\/wp\/v2\/types\/page"}],"author":[{"embeddable":true,"href":"https:\/\/ekizoglumakina.com\/ar\/wp-json\/wp\/v2\/users\/1"}],"replies":[{"embeddable":true,"href":"https:\/\/ekizoglumakina.com\/ar\/wp-json\/wp\/v2\/comments?post=2195"}],"version-history":[{"count":0,"href":"https:\/\/ekizoglumakina.com\/ar\/wp-json\/wp\/v2\/pages\/2195\/revisions"}],"up":[{"embeddable":true,"href":"https:\/\/ekizoglumakina.com\/ar\/wp-json\/wp\/v2\/pages\/2020"}],"wp:attachment":[{"href":"https:\/\/ekizoglumakina.com\/ar\/wp-json\/wp\/v2\/media?parent=2195"}],"curies":[{"name":"wp","href":"https:\/\/api.w.org\/{rel}","templated":true}]}}